{"id":1452,"date":"2017-01-29T14:19:18","date_gmt":"2017-01-29T14:19:18","guid":{"rendered":"http:\/\/dummy.xtemos.com\/basel\/vers\/?page_id=466"},"modified":"2024-09-28T13:56:21","modified_gmt":"2024-09-28T13:56:21","slug":"anasayfa","status":"publish","type":"page","link":"https:\/\/mulinohome.com\/","title":{"rendered":"Anasayfa"},"content":{"rendered":"<div class=\"wpb-content-wrapper\"><p>[vc_row css=&#8221;.vc_custom_1471984633440{margin-top: -40px !important;margin-bottom: 6vh !important;}&#8221;][vc_column][rev_slider_vc alias=&#8221;home-cosmetic&#8221;][\/vc_column][\/vc_row][vc_row full_width=&#8221;stretch_row&#8221; css=&#8221;.vc_custom_1612718015918{margin-top: -50px !important;background-image: url(https:\/\/mulinohome.com\/wp-content\/uploads\/2020\/09\/koleksiyon-arka.jpg?id=4268) !important;background-position: 0 0 !important;background-repeat: repeat !important;}&#8221;][vc_column css=&#8221;.vc_custom_1599158830858{margin-top: 50px !important;margin-bottom: 50px !important;}&#8221;][vc_single_image image=&#8221;5438&#8243; img_size=&#8221;350&#215;200&#8243; alignment=&#8221;center&#8221; css_animation=&#8221;bounceInLeft&#8221; css=&#8221;.vc_custom_1612718060645{margin-top: -50px !important;}&#8221;][vc_custom_heading text=&#8221;M\u00fckemmel tasar\u0131m \u015f\u0131kl\u0131\u011f\u0131yla ya\u015fam alanlar\u0131nda b\u00fcy\u00fcleyici izler b\u0131rakan Mulino Home&#8217;un, her par\u00e7as\u0131 son detay\u0131na kadar \u00f6zenle haz\u0131rlanm\u0131\u015f zarif modellerini ke\u015ffedin.&#8221; font_container=&#8221;tag:h2|font_size:15|text_align:left|color:%23000000&#8243; google_fonts=&#8221;font_family:Open%20Sans%3A300%2C300italic%2Cregular%2Citalic%2C600%2C600italic%2C700%2C700italic%2C800%2C800italic|font_style:400%20italic%3A400%3Aitalic&#8221; css_animation=&#8221;fadeInUp&#8221; css=&#8221;.vc_custom_1614976097043{margin-top: -30px !important;margin-bottom: 30px !important;}&#8221;][vc_row_inner][vc_column_inner width=&#8221;1\/2&#8243;]\n\t\t\t<div class=\"promo-banner text-left vertical-alignment-bottom banner-3 hover-1 color-scheme-light \"  >\n\n\t\t\t\t<div class=\"main-wrapp-img\">\n\t\t\t\t\t<div class=\"banner-image\">\n\t\t\t\t\t\t\t\t\t\t\t\t\t\t\t\t\t\t\t\t\t\t\t\t\t\t\t\t\t\t\t\t\t\t\t\t\t\t\t<\/div>\n\t\t\t\t<\/div>\n\n\t\t\t\t<div class=\"wrapper-content-baner\">\n\t\t\t\t\t<div class=\"banner-inner\">\n\t\t\t\t\t\t<p>L\u0130ME<\/p>\n\t\t\t\t\t<\/div>\n\t\t\t\t<\/div>\n\n\t\t\t<\/div>\n\n\n\t\t[\/vc_column_inner][vc_column_inner width=&#8221;1\/2&#8243;]\n\t\t\t<div class=\"promo-banner text-left vertical-alignment-bottom banner-3 hover-1 color-scheme-light \"  >\n\n\t\t\t\t<div class=\"main-wrapp-img\">\n\t\t\t\t\t<div class=\"banner-image\">\n\t\t\t\t\t\t\t\t\t\t\t\t\t\t\t\t\t\t\t\t\t\t\t\t\t\t\t\t\t\t\t\t\t\t\t\t\t\t\t<\/div>\n\t\t\t\t<\/div>\n\n\t\t\t\t<div class=\"wrapper-content-baner\">\n\t\t\t\t\t<div class=\"banner-inner\">\n\t\t\t\t\t\t<p>PREST\u0130J KETEN<\/p>\n\t\t\t\t\t<\/div>\n\t\t\t\t<\/div>\n\n\t\t\t<\/div>\n\n\n\t\t[\/vc_column_inner][\/vc_row_inner][\/vc_column][\/vc_row]<\/p>\n<\/div>","protected":false},"excerpt":{"rendered":"<p>[vc_row css=&#8221;.vc_custom_1471984633440{margin-top: -40px !important;margin-bottom: 6vh !important;}&#8221;][vc_column][rev_slider_vc alias=&#8221;home-cosmetic&#8221;][\/vc_column][\/vc_row][vc_row full_width=&#8221;stretch_row&#8221; css=&#8221;.vc_custom_1612718015918{margin-top: -50px !important;background-image: url(https:\/\/mulinohome.com\/wp-content\/uploads\/2020\/09\/koleksiyon-arka.jpg?id=4268) !important;background-position: 0 0 !important;background-repeat: repeat !important;}&#8221;][vc_column css=&#8221;.vc_custom_1599158830858{margin-top: 50px<\/p>\n","protected":false},"author":1,"featured_media":0,"parent":0,"menu_order":0,"comment_status":"closed","ping_status":"closed","template":"","meta":{"footnotes":""},"class_list":["post-1452","page","type-page","status-publish","hentry"],"_links":{"self":[{"href":"https:\/\/mulinohome.com\/index.php?rest_route=\/wp\/v2\/pages\/1452","targetHints":{"allow":["GET"]}}],"collection":[{"href":"https:\/\/mulinohome.com\/index.php?rest_route=\/wp\/v2\/pages"}],"about":[{"href":"https:\/\/mulinohome.com\/index.php?rest_route=\/wp\/v2\/types\/page"}],"author":[{"embeddable":true,"href":"https:\/\/mulinohome.com\/index.php?rest_route=\/wp\/v2\/users\/1"}],"replies":[{"embeddable":true,"href":"https:\/\/mulinohome.com\/index.php?rest_route=%2Fwp%2Fv2%2Fcomments&post=1452"}],"version-history":[{"count":203,"href":"https:\/\/mulinohome.com\/index.php?rest_route=\/wp\/v2\/pages\/1452\/revisions"}],"predecessor-version":[{"id":5836,"href":"https:\/\/mulinohome.com\/index.php?rest_route=\/wp\/v2\/pages\/1452\/revisions\/5836"}],"wp:attachment":[{"href":"https:\/\/mulinohome.com\/index.php?rest_route=%2Fwp%2Fv2%2Fmedia&parent=1452"}],"curies":[{"name":"wp","href":"https:\/\/api.w.org\/{rel}","templated":true}]}}