{"id":16,"date":"2019-09-15T07:55:01","date_gmt":"2019-09-15T07:55:01","guid":{"rendered":"http:\/\/www.sakamobilya.com.tr\/?page_id=16"},"modified":"2022-01-24T14:50:59","modified_gmt":"2022-01-24T14:50:59","slug":"kurumsal","status":"publish","type":"page","link":"https:\/\/mulinohome.com\/?page_id=16","title":{"rendered":"KURUMSAL"},"content":{"rendered":"<div class=\"wpb-content-wrapper\"><p>[vc_row css=&#8221;.vc_custom_1579360666502{margin-bottom: -40px !important;}&#8221;][vc_column]<div class=\"title-wrapper  basel-title-color-black basel-title-style-bordered basel-title-size-default text-center \"><span class=\"title-subtitle font-default\">MUL\u0130NO HOME<\/span><div class=\"liner-continer\"> <span class=\"left-line\"><\/span> <h4 class=\"title\" >KURUMSAL<span class=\"title-separator\"><span><\/span><\/span><\/h4> <span class=\"right-line\"><\/span> <\/div><\/div>[\/vc_column][vc_column width=&#8221;1\/2&#8243;][vc_single_image image=&#8221;5741&#8243; img_size=&#8221;large&#8221;][\/vc_column][vc_column width=&#8221;1\/2&#8243; css=&#8221;.vc_custom_1578822128691{margin-top: 100px !important;}&#8221;][vc_column_text]Hepimizin gelecekle ilgili t\u00fcm hayallerinde mutlu bir yuva var. Mutlulu\u011fun, a\u015fk\u0131n ve keyiflerin en g\u00fczelini evimizde hayal ediyoruz. \u0130\u015fte biz size Mulino Home olarak, o hayalinizdeki evi vaad ediyoruz. Bu y\u00fczden, sizin i\u00e7in en iyi koltuklar\u0131, en g\u00fczel \u00fcr\u00fcnleri sizlere sunuyoruz. Eviniz i\u00e7in ald\u0131\u011f\u0131n\u0131z her bir \u00fcr\u00fcn\u00fcn\u00fcn sat\u0131\u015f \u00f6ncesi oldu\u011fu gibi sat\u0131\u015f sonras\u0131 da m\u00fckemmel bir hizmet sunuyoruz. Ya\u015fam alanlar\u0131m\u0131z\u0131n ihtiya\u00e7lar\u0131, dekorasyonu, stili, modas\u0131, trendleri, icatlar\u0131 k\u0131sacas\u0131 \u00f6zenle ilgilendi\u011fimiz evimiz i\u00e7in en iyileri, sizin i\u00e7in \u00f6zenle \u00fcretti\u011fimiz modern \u00fcr\u00fcnleri buradan g\u00f6r\u00fc\u015f ve taleplerinize sunuyoruz.[\/vc_column_text][\/vc_column][\/vc_row][vc_row][vc_column][vc_separator][\/vc_column][\/vc_row][vc_row css=&#8221;.vc_custom_1578823417534{margin-top: 0px !important;margin-bottom: 0px !important;}&#8221;][vc_column width=&#8221;1\/2&#8243;]<div class=\"title-wrapper  basel-title-color-black basel-title-style-bordered basel-title-size-default text-center \"><div class=\"liner-continer\"> <span class=\"left-line\"><\/span> <h4 class=\"title\" >M\u0130SYONUMUZ<span class=\"title-separator\"><span><\/span><\/span><\/h4> <span class=\"right-line\"><\/span> <\/div><\/div>[vc_column_text]T\u00fcm s\u00fcre\u00e7lerde m\u00fc\u015fterinin ihtiya\u00e7 ve beklentilerini tam olarak kar\u015f\u0131layan bir anlay\u0131\u015f i\u00e7inde, g\u00fcvenilir ve tavsiye edilen firma olmay\u0131,<br \/>\nMaliyetleri d\u00fc\u015f\u00fcrmek ve karl\u0131l\u0131\u011f\u0131 artt\u0131rmak i\u00e7in teknolojik geli\u015fmeleri yak\u0131ndan takip etmeyi ve uygulamay\u0131,<br \/>\nKalite sistemleri \u00e7er\u00e7evesinde t\u00fcm \u00e7al\u0131\u015fanlar\u0131n daha yetkin ve yeteneklerini en \u00fcst seviyede kullanabilen ki\u015filer haline gelmeleri i\u00e7in ekip \u00e7al\u0131\u015fmas\u0131na \u00f6nem vererek, kalite d\u00fczeyini s\u00fcrekli y\u00fckseltmeyi,<br \/>\nT\u00fcm \u00e7al\u0131\u015fanlarda kalite bilin\u00e7 ve hassasiyetini benimsetecek \u00e7al\u0131\u015fmalar\u0131 yapmay\u0131,<br \/>\nTedarik\u00e7ilerle g\u00fcvene dayal\u0131 bir i\u015fbirli\u011fi i\u00e7erisinde olmay\u0131,<br \/>\nFirmam\u0131z\u0131n ve T\u00fcrkiye\u2019nin ad\u0131n\u0131 d\u00fcnyaya daha \u00e7ok duyurmak amac\u0131yla hizmet etmek \u00fczere, mevcut teknik, idari ve mali birikimlerimizi yurt d\u0131\u015f\u0131na ta\u015f\u0131may\u0131,<br \/>\nEn uygun, en do\u011fru ve en ekonomik \u00e7\u00f6z\u00fcmleri en h\u0131zl\u0131 bi\u00e7imde \u00fcreterek, daha sonra ortaya \u00e7\u0131kabilecek uygunsuzluklar\u0131n \u00f6n\u00fcne ge\u00e7meyi,<br \/>\nBa\u015flanan her projeyi zaman\u0131nda, en \u00fcst d\u00fczey tekniklerle, projesine tam uyumlu, istenen kalitede ve b\u00fct\u00e7e s\u0131n\u0131rlar\u0131 i\u00e7erisinde eksiksiz tamamlamay\u0131,<br \/>\n\u0130\u00e7inde bulundu\u011fumuz topluma ve \u00e7evreye sayg\u0131l\u0131, \u00f6rnek bir kurulu\u015f olmay\u0131 ve i\u015f hacmini s\u00fcrekli geli\u015ftirerek, \u00fclke ekonomisine katk\u0131da bulunmay\u0131 taahh\u00fct ederiz.[\/vc_column_text][\/vc_column][vc_column width=&#8221;1\/2&#8243; css=&#8221;.vc_custom_1579360998434{margin-top: 0px !important;}&#8221;]<div class=\"title-wrapper  basel-title-color-black basel-title-style-bordered basel-title-size-default text-center \"><div class=\"liner-continer\"> <span class=\"left-line\"><\/span> <h4 class=\"title\" >V\u0130ZYONUMUZ<span class=\"title-separator\"><span><\/span><\/span><\/h4> <span class=\"right-line\"><\/span> <\/div><\/div>[vc_column_text]M\u00fc\u015fterilerimizin taleplerine uygun olarak tasarlanm\u0131\u015f \u00fcr\u00fcnlerimizi, kalite ve verimlilik ilkeleriyle \u00fcreterek, s\u0131n\u0131rl\u0131 kaynaklar\u0131 s\u0131n\u0131rs\u0131z m\u00fc\u015fteri memnuniyetine d\u00f6n\u00fc\u015ft\u00fcrmek. Kendi sekt\u00f6r\u00fcnde g\u00fcvenilir, kaliteli ve tavsiye edilen, T\u00fcrkiye\u2019nin en iyi \u00fcretici markas\u0131 olmak.[\/vc_column_text]<div class=\"title-wrapper  basel-title-color-black basel-title-style-bordered basel-title-size-default text-center \"><div class=\"liner-continer\"> <span class=\"left-line\"><\/span> <h4 class=\"title\" >DE\u011eERLER\u0130M\u0130Z<span class=\"title-separator\"><span><\/span><\/span><\/h4> <span class=\"right-line\"><\/span> <\/div><\/div>[vc_column_text]\u2013 Ko\u015fulsuz (s\u0131n\u0131rs\u0131z) M\u00fc\u015fteri Memnuniyeti<br \/>\n\u2013 S\u00fcrd\u00fcr\u00fclebilir Ba\u015far\u0131<br \/>\n\u2013 \u00c7al\u0131\u015fanlar\u0131m\u0131z\u0131n Geli\u015fimi<br \/>\n\u2013 Yenilik\u00e7i Konsept Tasar\u0131mlar<br \/>\n\u2013 Tedarik\u00e7i (\u00c7\u00f6z\u00fcm orta\u011f\u0131) \u0130\u015fbirli\u011fi[\/vc_column_text][\/vc_column][\/vc_row]<\/p>\n<\/div>","protected":false},"excerpt":{"rendered":"<p>[vc_row css=&#8221;.vc_custom_1579360666502{margin-bottom: -40px !important;}&#8221;][vc_column][\/vc_column][vc_column width=&#8221;1\/2&#8243;][vc_single_image image=&#8221;5741&#8243; img_size=&#8221;large&#8221;][\/vc_column][vc_column width=&#8221;1\/2&#8243; css=&#8221;.vc_custom_1578822128691{margin-top: 100px !important;}&#8221;][vc_column_text]Hepimizin gelecekle ilgili t\u00fcm hayallerinde mutlu bir yuva var. Mutlulu\u011fun,<\/p>\n","protected":false},"author":1,"featured_media":0,"parent":0,"menu_order":0,"comment_status":"closed","ping_status":"closed","template":"","meta":{"footnotes":""},"class_list":["post-16","page","type-page","status-publish","hentry"],"_links":{"self":[{"href":"https:\/\/mulinohome.com\/index.php?rest_route=\/wp\/v2\/pages\/16","targetHints":{"allow":["GET"]}}],"collection":[{"href":"https:\/\/mulinohome.com\/index.php?rest_route=\/wp\/v2\/pages"}],"about":[{"href":"https:\/\/mulinohome.com\/index.php?rest_route=\/wp\/v2\/types\/page"}],"author":[{"embeddable":true,"href":"https:\/\/mulinohome.com\/index.php?rest_route=\/wp\/v2\/users\/1"}],"replies":[{"embeddable":true,"href":"https:\/\/mulinohome.com\/index.php?rest_route=%2Fwp%2Fv2%2Fcomments&post=16"}],"version-history":[{"count":83,"href":"https:\/\/mulinohome.com\/index.php?rest_route=\/wp\/v2\/pages\/16\/revisions"}],"predecessor-version":[{"id":5753,"href":"https:\/\/mulinohome.com\/index.php?rest_route=\/wp\/v2\/pages\/16\/revisions\/5753"}],"wp:attachment":[{"href":"https:\/\/mulinohome.com\/index.php?rest_route=%2Fwp%2Fv2%2Fmedia&parent=16"}],"curies":[{"name":"wp","href":"https:\/\/api.w.org\/{rel}","templated":true}]}}