{"id":26,"date":"2019-09-15T07:57:45","date_gmt":"2019-09-15T07:57:45","guid":{"rendered":"http:\/\/www.sakamobilya.com.tr\/?page_id=26"},"modified":"2024-09-28T13:57:04","modified_gmt":"2024-09-28T13:57:04","slug":"urunlerimiz","status":"publish","type":"page","link":"https:\/\/mulinohome.com\/?page_id=26","title":{"rendered":"\u00dcR\u00dcNLER\u0130M\u0130Z"},"content":{"rendered":"<div class=\"wpb-content-wrapper\"><p>[vc_row][vc_column]<div class=\"title-wrapper  basel-title-color-black basel-title-style-default basel-title-size-default text-center \"><span class=\"title-subtitle font-default\">Ya\u015fam alanlar\u0131n\u0131zda konforu ve esteti\u011fi bir araya getiren birbirinden \u015f\u0131k koltuk tak\u0131m\u0131 se\u00e7enekleri Mulino Home' da sizi bekliyor. Mulino Home modern \u00e7izgilerden olu\u015fan, sade ve \u015f\u0131k koltuk tak\u0131m\u0131 modelleri her dekorasyon stiline kolayca uyum sa\u011flarken modern tarz\u0131 klasik ile harmanlayan oturma gruplar\u0131 ise g\u00f6steri\u015fli mekanlar\u0131n parlayan y\u0131ld\u0131z\u0131 oluyor.<\/span><div class=\"liner-continer\"> <span class=\"left-line\"><\/span> <h4 class=\"title\" >\u00dcr\u00fcnlerimiz<span class=\"title-separator\"><span><\/span><\/span><\/h4> <span class=\"right-line\"><\/span> <\/div><\/div>[\/vc_column][\/vc_row][vc_row][vc_column width=&#8221;1\/2&#8243;]\n\t\t\t<div class=\"promo-banner cursor-pointer text-center vertical-alignment-top banner-3 hover-1 color-scheme-light \" onclick=\"window.location.href='\/urunlerimiz\/oturma-grubu\/'\" >\n\n\t\t\t\t<div class=\"main-wrapp-img\">\n\t\t\t\t\t<div class=\"banner-image\">\n\t\t\t\t\t\t\t\t\t\t\t\t\t\t\t\t\t\t\t\t\t<img decoding=\"async\" class=\"promo-banner-image image-1 \" src=\"https:\/\/mulinohome.com\/wp-content\/uploads\/2024\/09\/LINE-BUKLE-KUMAS-8-550x750.jpg\" width=\"550\" height=\"750\" alt=\"LINE BUKLE KUMAS (8)\" title=\"LINE BUKLE KUMAS (8)\" loading=\"lazy\" \/>\t\t\t\t\t\t\t\t\t\t\t\t\t\t\t\t\t\t<\/div>\n\t\t\t\t<\/div>\n\n\t\t\t\t<div class=\"wrapper-content-baner\">\n\t\t\t\t\t<div class=\"banner-inner\">\n\t\t\t\t\t\t<\/p>\n<h3>Koltuk Tak\u0131mlar\u0131<\/h3>\n<p>\n\t\t\t\t\t<\/div>\n\t\t\t\t<\/div>\n\n\t\t\t<\/div>\n\n\n\t\t[\/vc_column][vc_column width=&#8221;1\/2&#8243;]\n\t\t\t<div class=\"promo-banner cursor-pointer text-center vertical-alignment-top banner-3 hover-1 color-scheme-light \" onclick=\"window.location.href='\/urunlerimiz\/kosetakimlari'\" >\n\n\t\t\t\t<div class=\"main-wrapp-img\">\n\t\t\t\t\t<div class=\"banner-image\">\n\t\t\t\t\t\t\t\t\t\t\t\t\t\t\t\t\t\t\t\t\t<img decoding=\"async\" class=\"promo-banner-image image-1 \" src=\"https:\/\/mulinohome.com\/wp-content\/uploads\/2024\/09\/Atlas-Kose-Koltuk-Takimi-3-550x749.jpg\" width=\"550\" height=\"749\" alt=\"Atlas K\u00f6\u015fe Koltuk Tak\u0131m\u0131 (3)\" title=\"Atlas K\u00f6\u015fe Koltuk Tak\u0131m\u0131 (3)\" loading=\"lazy\" \/>\t\t\t\t\t\t\t\t\t\t\t\t\t\t\t\t\t\t<\/div>\n\t\t\t\t<\/div>\n\n\t\t\t\t<div class=\"wrapper-content-baner\">\n\t\t\t\t\t<div class=\"banner-inner\">\n\t\t\t\t\t\t<\/p>\n<h3>K\u00f6\u015fe Tak\u0131mlar\u0131<\/h3>\n<p>\n\t\t\t\t\t<\/div>\n\t\t\t\t<\/div>\n\n\t\t\t<\/div>\n\n\n\t\t[\/vc_column][\/vc_row]<\/p>\n<\/div>","protected":false},"excerpt":{"rendered":"<p>[vc_row][vc_column][\/vc_column][\/vc_row][vc_row][vc_column width=&#8221;1\/2&#8243;][\/vc_column][vc_column width=&#8221;1\/2&#8243;][\/vc_column][\/vc_row]<\/p>\n","protected":false},"author":1,"featured_media":0,"parent":0,"menu_order":0,"comment_status":"closed","ping_status":"closed","template":"","meta":{"footnotes":""},"class_list":["post-26","page","type-page","status-publish","hentry"],"_links":{"self":[{"href":"https:\/\/mulinohome.com\/index.php?rest_route=\/wp\/v2\/pages\/26","targetHints":{"allow":["GET"]}}],"collection":[{"href":"https:\/\/mulinohome.com\/index.php?rest_route=\/wp\/v2\/pages"}],"about":[{"href":"https:\/\/mulinohome.com\/index.php?rest_route=\/wp\/v2\/types\/page"}],"author":[{"embeddable":true,"href":"https:\/\/mulinohome.com\/index.php?rest_route=\/wp\/v2\/users\/1"}],"replies":[{"embeddable":true,"href":"https:\/\/mulinohome.com\/index.php?rest_route=%2Fwp%2Fv2%2Fcomments&post=26"}],"version-history":[{"count":111,"href":"https:\/\/mulinohome.com\/index.php?rest_route=\/wp\/v2\/pages\/26\/revisions"}],"predecessor-version":[{"id":5837,"href":"https:\/\/mulinohome.com\/index.php?rest_route=\/wp\/v2\/pages\/26\/revisions\/5837"}],"wp:attachment":[{"href":"https:\/\/mulinohome.com\/index.php?rest_route=%2Fwp%2Fv2%2Fmedia&parent=26"}],"curies":[{"name":"wp","href":"https:\/\/api.w.org\/{rel}","templated":true}]}}